{"id":153988,"date":"2018-07-15T15:17:26","date_gmt":"2018-07-15T08:17:26","guid":{"rendered":"https:\/\/neu.member-diving.com\/data-protection-declaration\/"},"modified":"2025-08-11T13:02:22","modified_gmt":"2025-08-11T06:02:22","slug":"data-protection-declaration","status":"publish","type":"page","link":"https:\/\/member-diving.com\/en\/data-protection-declaration\/","title":{"rendered":"Data Protection Declaration"},"content":{"rendered":"<section class=\"l-section wpb_row height_medium\"><div class=\"l-section-h i-cf\"><div class=\"g-cols vc_row via_flex valign_top type_default stacking_default\"><div class=\"vc_col-sm-12 wpb_column vc_column_container\"><div class=\"vc_column-inner\"><div class=\"wpb_wrapper\"><div class=\"wpb_text_column\"><div class=\"wpb_wrapper\"><p>Der Schutz der Privatsph\u00e4re unserer Kunden ist f\u00fcr Member Diving ein Anliegen von hoher Priorit\u00e4t. Im Folgenden legen wir dar, nach welchen Grunds\u00e4tzen wir \u00fcber diese Website und Personendaten (Informationen, die Ihre Identit\u00e4t bestimmen oder f\u00fcr uns bestimmbar machen) erheben und verarbeiten.<\/p>\n<h2>Erhebung von Personendaten<\/h2>\n<p>Sie k\u00f6nnen die Website besuchen und sich \u00fcber unsere Angebote informieren, ohne Personendaten preiszugeben. Wir erfragen nur dort Personendaten, wo dies zur Erbringung unserer eigenen Leistungen und zur Abwicklung von Resrvationen, die Sie mit Member Diving oder unseren Partnern t\u00e4tigen, erforderlich ist. Ihre Personendaten erheben und bearbeiten wir sorgf\u00e4ltig und nur zu den in dieser Datenschutzerkl\u00e4rung beschriebenen Zwecken und nur im daf\u00fcr notwendigen Umfang. Wir bewahren Ihre Personendaten nur soweit und solange auf, als es zur Erbringung unserer Dienstleistungen erforderlich ist oder wir von Gesetzes wegen dazu verpflichtet sind.<\/p>\n<p>Zus\u00e4tzlich erheben wir Daten, um die Nutzung der Website allgemein zu analysieren, Anhaltspunkte zur Verbesserung unseres Angebots zu erhalten und unsere Marketingmassnahmen auf die erkennbaren Bed\u00fcrfnisse der Kunden auszurichten. Solche Daten erheben und bearbeiten wir auch unter Einsatz von Cookies. Informationen \u00fcber deren Funktionsweise und Ihre diesbez\u00fcglichen Wahlm\u00f6glichkeiten entnehmen Sie unserer Cookie Policy.<\/p>\n<h2>Datenbearbeitung zur Leistungserbringung<\/h2>\n<p>Zur Erbringung unserer eigenen Leistungen und zur Abwicklung von Reservationen ben\u00f6tigen wir in unterschiedlichem Umfang Angaben zu Ihrer Person, respektive Teilnehmern.<\/p>\n<p>Bei der Reservations-Anfrage werden Kontaktinformationen, insbesondere Name, Vorname, Telefonnummer und Email-Adresse, sowie anderen Angaben erfragt.<\/p>\n<h2>Marketingmassnahmen von Member Diving<\/h2>\n<p>Wir halten Sie \u00fcber relevante Entwicklungen und Angebote Member Diving auf dem Laufenden. F\u00fcr den Versand unseres Newsletters verwenden wir das sogenannte Double Opt-in-Verfahren: Wenn Sie unseren Newsletter auf der Website z.B. durch Anklicken eines Best\u00e4tigungsfelds bestellen, senden wir Ihnen eine Benachrichtigungs-E-Mail. Durch Aktivierung eines entsprechenden Links k\u00f6nnen Sie die Bestellung best\u00e4tigen. Wenn Sie sp\u00e4ter keine Newsletter mehr von uns erhalten wollen, k\u00f6nnen Sie diese jederzeit kostenlos entweder im Newsletter selber oder im Profil abbestellen.<\/p>\n<p>In Bezug auf unseren Marketingmassnahmen erlauben wir uns Foto&#8217;s von Ihnen auf unserer Webseite und in Sozialen Netzwerken von Member Diving zu puplizieren.<\/p>\n<p>Im Normalfall fragen wir Sie an, ob dies okay ist und Sie so Ihr Einverst\u00e4ndnis dazu geben.<\/p>\n<p>Falls Sie aus einem Grund Ihr Foto nicht auf unserer Webseite haben m\u00f6chten, bitten wir Sie uns eine kurzes Mail auf info@member-diving.com zukommen zu lassen &#8211; am besten mit einem Link wo Sie das Foto gesehen haben. Wir werden dann dieses Foto l\u00f6schen und von unserer Webseite entfernen.<\/p>\n<h2>Datensicherheit<\/h2>\n<p>Wir sch\u00fctzen Ihre Personendaten durch geeignete Sicherheitsmassnahmen und auf gesicherten Servern. Die Website wird durch angemessene technische und organisatorische Massnahmen gegen Verlust, Zerst\u00f6rung und Manipulation sowie gegen Zugriff, Ver\u00e4nderung oder Verbreitung durch unbefugte Personen gesichert. Daten werden bei der \u00dcbertragung \u00fcber das Internet verschl\u00fcsselt (SSL).<\/p>\n<h2>\u00c4nderungen<\/h2>\n<p>Wir behalten uns vor, diese Datenschutzerkl\u00e4rung jederzeit zu \u00e4ndern. \u00c4nderungen gelten ab ihrer Publikation auf dieser Website.<\/p>\n<h2>Ansprechpartner f\u00fcr Datenschutz<\/h2>\n<p>Bei Fragen zu dieser Datenschutzerkl\u00e4rung oder dem Datenschutz bei Member Diving wenden Sie sich bitte an:<\/p>\n<p>Member Diving<br \/>\n158\/6 Moo 1, Bophut,<br \/>\nKoh Samui<br \/>\nSurat Thani 84320<br \/>\nThailand<\/p>\n<\/div><\/div><\/div><\/div><\/div><\/div><\/div><\/section>\n","protected":false},"excerpt":{"rendered":"Der Schutz der Privatsph\u00e4re unserer Kunden ist f\u00fcr Member Diving ein Anliegen von hoher Priorit\u00e4t. Im Folgenden legen wir dar, nach welchen Grunds\u00e4tzen wir \u00fcber diese Website und Personendaten (Informationen, die Ihre Identit\u00e4t bestimmen oder f\u00fcr uns bestimmbar machen) erheben und verarbeiten. Erhebung von Personendaten Sie k\u00f6nnen die Website besuchen und sich \u00fcber unsere Angebote...","protected":false},"author":1,"featured_media":0,"parent":0,"menu_order":0,"comment_status":"closed","ping_status":"closed","template":"","meta":{"_acf_changed":false,"footnotes":""},"class_list":["post-153988","page","type-page","status-publish","hentry"],"acf":[],"_links":{"self":[{"href":"https:\/\/member-diving.com\/en\/wp-json\/wp\/v2\/pages\/153988","targetHints":{"allow":["GET"]}}],"collection":[{"href":"https:\/\/member-diving.com\/en\/wp-json\/wp\/v2\/pages"}],"about":[{"href":"https:\/\/member-diving.com\/en\/wp-json\/wp\/v2\/types\/page"}],"author":[{"embeddable":true,"href":"https:\/\/member-diving.com\/en\/wp-json\/wp\/v2\/users\/1"}],"replies":[{"embeddable":true,"href":"https:\/\/member-diving.com\/en\/wp-json\/wp\/v2\/comments?post=153988"}],"version-history":[{"count":1,"href":"https:\/\/member-diving.com\/en\/wp-json\/wp\/v2\/pages\/153988\/revisions"}],"predecessor-version":[{"id":178527,"href":"https:\/\/member-diving.com\/en\/wp-json\/wp\/v2\/pages\/153988\/revisions\/178527"}],"wp:attachment":[{"href":"https:\/\/member-diving.com\/en\/wp-json\/wp\/v2\/media?parent=153988"}],"curies":[{"name":"wp","href":"https:\/\/api.w.org\/{rel}","templated":true}]}}