{"id":178884,"date":"2025-09-08T19:02:22","date_gmt":"2025-09-08T12:02:22","guid":{"rendered":"https:\/\/member-diving.com\/?page_id=178884"},"modified":"2025-09-08T22:12:20","modified_gmt":"2025-09-08T15:12:20","slug":"book-now","status":"publish","type":"page","link":"https:\/\/member-diving.com\/en\/book-now\/","title":{"rendered":"Book Now"},"content":{"rendered":"<section class=\"l-section wpb_row height_medium\"><div class=\"l-section-h i-cf\"><div class=\"g-cols vc_row via_flex valign_top type_default stacking_default\"><div class=\"vc_col-sm-12 wpb_column vc_column_container\"><div class=\"vc_column-inner\"><div class=\"wpb_wrapper\"><div class=\"wpb_text_column\"><div class=\"wpb_wrapper\"><h1 style=\"text-align: center;\">Ready for your diving adventure?<\/h1>\n<\/div><\/div><div class=\"wpb_text_column\"><div class=\"wpb_wrapper\"><script data-cfasync=\"false\">\nvar gform;gform||(document.addEventListener(\"gform_main_scripts_loaded\",function(){gform.scriptsLoaded=!0}),document.addEventListener(\"gform\/theme\/scripts_loaded\",function(){gform.themeScriptsLoaded=!0}),window.addEventListener(\"DOMContentLoaded\",function(){gform.domLoaded=!0}),gform={domLoaded:!1,scriptsLoaded:!1,themeScriptsLoaded:!1,isFormEditor:()=>\"function\"==typeof InitializeEditor,callIfLoaded:function(o){return!(!gform.domLoaded||!gform.scriptsLoaded||!gform.themeScriptsLoaded&&!gform.isFormEditor()||(gform.isFormEditor()&&console.warn(\"The use of gform.initializeOnLoaded() is deprecated in the form editor context and will be removed in Gravity Forms 3.1.\"),o(),0))},initializeOnLoaded:function(o){gform.callIfLoaded(o)||(document.addEventListener(\"gform_main_scripts_loaded\",()=>{gform.scriptsLoaded=!0,gform.callIfLoaded(o)}),document.addEventListener(\"gform\/theme\/scripts_loaded\",()=>{gform.themeScriptsLoaded=!0,gform.callIfLoaded(o)}),window.addEventListener(\"DOMContentLoaded\",()=>{gform.domLoaded=!0,gform.callIfLoaded(o)}))},hooks:{action:{},filter:{}},addAction:function(o,r,e,t){gform.addHook(\"action\",o,r,e,t)},addFilter:function(o,r,e,t){gform.addHook(\"filter\",o,r,e,t)},doAction:function(o){gform.doHook(\"action\",o,arguments)},applyFilters:function(o){return gform.doHook(\"filter\",o,arguments)},removeAction:function(o,r){gform.removeHook(\"action\",o,r)},removeFilter:function(o,r,e){gform.removeHook(\"filter\",o,r,e)},addHook:function(o,r,e,t,n){null==gform.hooks[o][r]&&(gform.hooks[o][r]=[]);var d=gform.hooks[o][r];null==n&&(n=r+\"_\"+d.length),gform.hooks[o][r].push({tag:n,callable:e,priority:t=null==t?10:t})},doHook:function(r,o,e){var t;if(e=Array.prototype.slice.call(e,1),null!=gform.hooks[r][o]&&((o=gform.hooks[r][o]).sort(function(o,r){return o.priority-r.priority}),o.forEach(function(o){\"function\"!=typeof(t=o.callable)&&(t=window[t]),\"action\"==r?t.apply(null,e):e[0]=t.apply(null,e)})),\"filter\"==r)return e[0]},removeHook:function(o,r,t,n){var e;null!=gform.hooks[o][r]&&(e=(e=gform.hooks[o][r]).filter(function(o,r,e){return!!(null!=n&&n!=o.tag||null!=t&&t!=o.priority)}),gform.hooks[o][r]=e)}});\n<\/script>\n\n                <div class='gf_browser_gecko gform_wrapper gravity-theme gform-theme--no-framework' data-form-theme='gravity-theme' data-form-index='0' id='gform_wrapper_15' ><div id='gf_15' class='gform_anchor' tabindex='-1'><\/div><form method='post' enctype='multipart\/form-data' target='gform_ajax_frame_15' id='gform_15'  action='\/en\/wp-json\/wp\/v2\/pages\/178884#gf_15' data-formid='15' novalidate>\n                        <div class='gform-body gform_body'><div id='gform_fields_15' class='gform_fields top_label form_sublabel_below description_below validation_below'><fieldset id=\"field_15_4\" class=\"gfield gfield--type-name gfield--input-type-name gfield--width-full gfield_contains_required field_sublabel_below gfield--no-description field_description_below field_validation_below gfield_visibility_visible\"  ><legend class='gfield_label gform-field-label gfield_label_before_complex' >Name<span class=\"gfield_required\"><span class=\"gfield_required gfield_required_text\">(Required)<\/span><\/span><\/legend><div class='ginput_complex ginput_container ginput_container--name no_prefix has_first_name no_middle_name has_last_name no_suffix gf_name_has_2 ginput_container_name gform-grid-row' id='input_15_4'>\n                            \n                            <span id='input_15_4_3_container' class='name_first gform-grid-col gform-grid-col--size-auto' >\n                                                    <input type='text' name='input_4.3' id='input_15_4_3' value=''   aria-required='true'     \/>\n                                                    <label for='input_15_4_3' class='gform-field-label gform-field-label--type-sub '>First<\/label>\n                                                <\/span>\n                            \n                            <span id='input_15_4_6_container' class='name_last gform-grid-col gform-grid-col--size-auto' >\n                                                    <input type='text' name='input_4.6' id='input_15_4_6' value=''   aria-required='true'     \/>\n                                                    <label for='input_15_4_6' class='gform-field-label gform-field-label--type-sub '>Last<\/label>\n                                                <\/span>\n                            \n                        <\/div><\/fieldset><div id=\"field_15_3\" class=\"gfield gfield--type-phone gfield--input-type-phone gfield--width-full gfield_contains_required field_sublabel_below gfield--no-description field_description_below field_validation_below gfield_visibility_visible\"  ><label class='gfield_label gform-field-label' for='input_15_3'>Phone<span class=\"gfield_required\"><span class=\"gfield_required gfield_required_text\">(Required)<\/span><\/span><\/label><div class='ginput_container ginput_container_phone'><input name='input_3' id='input_15_3' type='tel' value='' class='large'   aria-required=\"true\" aria-invalid=\"false\"   \/><\/div><\/div><div id=\"field_15_7\" class=\"gfield gfield--type-email gfield--input-type-email gfield--width-full gfield_contains_required field_sublabel_below gfield--no-description field_description_below field_validation_below gfield_visibility_visible\"  ><label class='gfield_label gform-field-label' for='input_15_7'>Email<span class=\"gfield_required\"><span class=\"gfield_required gfield_required_text\">(Required)<\/span><\/span><\/label><div class='ginput_container ginput_container_email'>\n                            <input name='input_7' id='input_15_7' type='email' value='' class='large'    aria-required=\"true\" aria-invalid=\"false\"  \/>\n                        <\/div><\/div><div id=\"field_15_10\" class=\"gfield gfield--type-textarea gfield--input-type-textarea gfield--width-full gfield_contains_required field_sublabel_below gfield--no-description field_description_below field_validation_below gfield_visibility_visible\"  ><label class='gfield_label gform-field-label' for='input_15_10'>Message<span class=\"gfield_required\"><span class=\"gfield_required gfield_required_text\">(Required)<\/span><\/span><\/label><div class='ginput_container ginput_container_textarea'><textarea name='input_10' id='input_15_10' class='textarea large'     aria-required=\"true\" aria-invalid=\"false\"   rows='10' cols='50'>I&#039;m interested in booking with your best-price-guarantee\n<\/textarea><\/div><\/div><div id=\"field_15_6\" class=\"gfield gfield--type-hidden gfield--input-type-hidden gfield--width-full gform_hidden field_sublabel_below gfield--no-description field_description_below field_validation_below gfield_visibility_visible\"  ><div class='ginput_container ginput_container_text'><input name='input_6' id='input_15_6' type='hidden' class='gform_hidden'  aria-invalid=\"false\" value='' \/><\/div><\/div><\/div><\/div>\n        <div class='gform-footer gform_footer top_label'> <input type='submit' id='gform_submit_button_15' class='gform_button button' onclick='gform.submission.handleButtonClick(this);' data-submission-type='submit' value='Submit'  \/> <input type='hidden' name='gform_ajax' value='form_id=15&amp;title=&amp;description=&amp;tabindex=0&amp;theme=gravity-theme&amp;styles=[]&amp;hash=7b850eaf3b819f3c20e02eae789275f6' \/>\n            <input type='hidden' class='gform_hidden' name='gform_submission_method' data-js='gform_submission_method_15' value='iframe' \/>\n            <input type='hidden' class='gform_hidden' name='gform_theme' data-js='gform_theme_15' id='gform_theme_15' value='gravity-theme' \/>\n            <input type='hidden' class='gform_hidden' name='gform_style_settings' data-js='gform_style_settings_15' id='gform_style_settings_15' value='[]' \/>\n            <input type='hidden' class='gform_hidden' name='is_submit_15' value='1' \/>\n            <input type='hidden' class='gform_hidden' name='gform_submit' value='15' \/>\n            \n            <input type='hidden' class='gform_hidden' name='gform_currency' data-currency='THB' value='PqUWYlEWe8ur4HTtmSQXmsMjWrA94uxods1VFlh6gmXdmCY8yaphkX7omKwztwKiWlpWGla9sWp3ij9GxT+Stp3fFAZGQPjcB7K1wVOk4WHPbTs=' \/>\n            <input type='hidden' class='gform_hidden' name='gform_unique_id' value='' \/>\n            <input type='hidden' class='gform_hidden' name='state_15' value='WyJbXSIsIjM1MjRhM2Q1ZTIzYzQyYTQ4Y2JhYTlkMmJhNzllZDY2Il0=' \/>\n            <input type='hidden' autocomplete='off' class='gform_hidden' name='gform_target_page_number_15' id='gform_target_page_number_15' value='0' \/>\n            <input type='hidden' autocomplete='off' class='gform_hidden' name='gform_source_page_number_15' id='gform_source_page_number_15' value='1' \/>\n            <input type='hidden' name='gform_field_values' value='' \/>\n            \n        <\/div>\n                        <\/form>\n                        <\/div>\n\t\t                <iframe style='display:none;width:0px;height:0px;' src='about:blank' name='gform_ajax_frame_15' id='gform_ajax_frame_15' title='This iframe contains the logic required to handle Ajax powered Gravity Forms.'><\/iframe>\n\t\t                <script data-cfasync=\"false\">\ngform.initializeOnLoaded( function() {gformInitSpinner( 15, 'https:\/\/member-diving.com\/wp-content\/plugins\/gravityforms\/images\/spinner.svg', true );jQuery('#gform_ajax_frame_15').on('load',function(){var contents = jQuery(this).contents().find('*').html();var is_postback = contents.indexOf('GF_AJAX_POSTBACK') >= 0;if(!is_postback){return;}var form_content = jQuery(this).contents().find('#gform_wrapper_15');var is_confirmation = jQuery(this).contents().find('#gform_confirmation_wrapper_15').length > 0;var is_redirect = contents.indexOf('gformRedirect(){') >= 0;var is_form = form_content.length > 0 && ! is_redirect && ! is_confirmation;var mt = parseInt(jQuery('html').css('margin-top'), 10) + parseInt(jQuery('body').css('margin-top'), 10) + 100;if(is_form){jQuery('#gform_wrapper_15').html(form_content.html());if(form_content.hasClass('gform_validation_error')){jQuery('#gform_wrapper_15').addClass('gform_validation_error');} else {jQuery('#gform_wrapper_15').removeClass('gform_validation_error');}setTimeout( function() { \/* delay the scroll by 50 milliseconds to fix a bug in chrome *\/ jQuery(document).scrollTop(jQuery('#gform_wrapper_15').offset().top - mt); }, 50 );if(window['gformInitDatepicker']) {gformInitDatepicker();}if(window['gformInitPriceFields']) {gformInitPriceFields();}var current_page = jQuery('#gform_source_page_number_15').val();gformInitSpinner( 15, 'https:\/\/member-diving.com\/wp-content\/plugins\/gravityforms\/images\/spinner.svg', true );jQuery(document).trigger('gform_page_loaded', [15, current_page]);window['gf_submitting_15'] = false;}else if(!is_redirect){var confirmation_content = jQuery(this).contents().find('.GF_AJAX_POSTBACK').html();if(!confirmation_content){confirmation_content = contents;}jQuery('#gform_wrapper_15').replaceWith(confirmation_content);jQuery(document).scrollTop(jQuery('#gf_15').offset().top - mt);jQuery(document).trigger('gform_confirmation_loaded', [15]);window['gf_submitting_15'] = false;wp.a11y.speak(jQuery('#gform_confirmation_message_15').text());}else{jQuery('#gform_15').append(contents);if(window['gformRedirect']) {gformRedirect();}}jQuery(document).trigger(\"gform_pre_post_render\", [{ formId: \"15\", currentPage: \"current_page\", abort: function() { this.preventDefault(); } }]);        if (event && event.defaultPrevented) {                return;        }        const gformWrapperDiv = document.getElementById( \"gform_wrapper_15\" );        if ( gformWrapperDiv ) {            const visibilitySpan = document.createElement( \"span\" );            visibilitySpan.id = \"gform_visibility_test_15\";            gformWrapperDiv.insertAdjacentElement( \"afterend\", visibilitySpan );        }        const visibilityTestDiv = document.getElementById( \"gform_visibility_test_15\" );        let postRenderFired = false;        function triggerPostRender() {            if ( postRenderFired ) {                return;            }            postRenderFired = true;            gform.core.triggerPostRenderEvents( 15, current_page );            if ( visibilityTestDiv ) {                visibilityTestDiv.parentNode.removeChild( visibilityTestDiv );            }        }        function debounce( func, wait, immediate ) {            var timeout;            return function() {                var context = this, args = arguments;                var later = function() {                    timeout = null;                    if ( !immediate ) func.apply( context, args );                };                var callNow = immediate && !timeout;                clearTimeout( timeout );                timeout = setTimeout( later, wait );                if ( callNow ) func.apply( context, args );            };        }        const debouncedTriggerPostRender = debounce( function() {            triggerPostRender();        }, 200 );        if ( visibilityTestDiv && visibilityTestDiv.offsetParent === null ) {            const observer = new MutationObserver( ( mutations ) => {                mutations.forEach( ( mutation ) => {                    if ( mutation.type === 'attributes' && visibilityTestDiv.offsetParent !== null ) {                        debouncedTriggerPostRender();                        observer.disconnect();                    }                });            });            observer.observe( document.body, {                attributes: true,                childList: false,                subtree: true,                attributeFilter: [ 'style', 'class' ],            });        } else {            triggerPostRender();        }    } );} );\n<\/script>\n\n<\/div><\/div><\/div><\/div><\/div><\/div><\/div><\/section><section class=\"l-section wpb_row height_small\"><div class=\"l-section-h i-cf\"><div class=\"g-cols vc_row via_flex valign_middle type_default stacking_default\"><div class=\"vc_col-sm-12 wpb_column vc_column_container\"><div class=\"vc_column-inner\"><div class=\"wpb_wrapper\">[vc_custom_heading text=&#8221;Reviews from Our Divers&#8221; font_container=&#8221;tag:h2|text_align:center&#8221; use_theme_fonts=&#8221;yes&#8221; css=&#8221;%7B%22default%22%3A%7B%22color%22%3A%22%23ffffff%22%2C%22text-align%22%3A%22center%22%7D%7D&#8221;]<div class=\"w-separator size_small\"><\/div><div class=\"w-html\"><div class=\"rpi\" style=\"--slider-head-card-bg-color: #335482; --slider-act-dot-color: #c5aa42; --slider-head-card-br: none; --slider-dot-color: #ffffff; --slider-btn-color: #c5aa42; --head-card-bg-color: #335482; --head-star-color: #fdd314; --star-color: #fdd314; --card-bg-color: #335482; --name-color: #ffffff; --card-color: #ffffff; --time-color: #c5aa42; --card-br-color: #335482; --slider-head-card-bg: var(--slider-head-card-bg-color);\" data-id=\"178032\" data-opts='{&quot;layout&quot;:&quot;slider&quot;,&quot;style_style&quot;:&quot;1&quot;,&quot;style_stars&quot;:&quot;4&quot;,&quot;style_ava&quot;:&quot;1&quot;,&quot;head_logo&quot;:&quot;5&quot;,&quot;style_logo&quot;:&quot;1&quot;,&quot;pagination&quot;:&quot;5&quot;,&quot;text_size&quot;:&quot;&quot;,&quot;hide_avatar&quot;:&quot;&quot;,&quot;hide_name&quot;:&quot;&quot;,&quot;disable_review_time&quot;:&quot;&quot;,&quot;disable_user_link&quot;:&quot;&quot;,&quot;disable_google_link&quot;:&quot;&quot;,&quot;open_link&quot;:&quot;1&quot;,&quot;nofollow_link&quot;:&quot;1&quot;,&quot;lazy_load_img&quot;:&quot;1&quot;,&quot;time_format&quot;:&quot;&quot;,&quot;breakpoints&quot;:&quot;&quot;,&quot;reviewer_avatar_size&quot;:&quot;56&quot;,&quot;ajax_load&quot;:&quot;&quot;,&quot;v2&quot;:false,&quot;trans&quot;:{&quot;read more&quot;:&quot;read more&quot;,&quot;review us on&quot;:&quot;review us on&quot;,&quot;See all reviews&quot;:&quot;See all reviews&quot;,&quot;More reviews&quot;:&quot;More reviews&quot;,&quot;Response from the owner&quot;:&quot;Response from the owner&quot;}}' data-exec=\"\"><div class=\"rpi-cnt rpi-col-m rpi-slider rpi-sh\" data-opts='{&quot;pagination&quot;:&quot;5&quot;,&quot;speed&quot;:&quot;8&quot;,&quot;autoplay&quot;:&quot;1&quot;,&quot;wheelscroll&quot;:&quot;&quot;,&quot;mousestop&quot;:&quot;1&quot;,&quot;clickstop&quot;:&quot;&quot;,&quot;swipe_step&quot;:&quot;&quot;,&quot;swipe_per_btn&quot;:&quot;&quot;,&quot;swipe_per_dot&quot;:&quot;&quot;,&quot;hide_dots&quot;:&quot;&quot;}' style=\"visibility:var(--visible, hidden)\" ><div class=\"rpi-content rpi-content_row\"><button class=\"rpi-ltgt rpi-lt rpi-slider-prev\" aria-label=\"Previous reviews\" tabindex=\"0\"><\/button><div class=\"rpi-cards rpi-slides-bite\" data-offset=\"5\" data-count=\"49\"><div class=\"rpi-card\" data-provider=\"google\" data-rat=\"5\"><div class=\"rpi-card-inner\"><div class=\"rpi-flex\"><div class=\"rpi-img-wrap\"><img decoding=\"async\" src=\"https:\/\/lh3.googleusercontent.com\/a-\/ALV-UjW4q_TJE-66P8fZeey3SSXxNz28YOdTZ5WXLy5yT3ASxNRUNnTa=s56-c-rp-mo-ba3-br100\" class=\"rpi-img\" loading=\"lazy\" width=\"56\" height=\"56\" alt=\"\" onerror=\"if(this.src!='https:\/\/member-diving.com\/wp-content\/plugins\/business-reviews-bundle\/assets\/img\/google_avatar.png')this.src='https:\/\/member-diving.com\/wp-content\/plugins\/business-reviews-bundle\/assets\/img\/google_avatar.png';\"><\/div><div class=\"rpi-info\"><a href=\"https:\/\/search.google.com\/local\/reviews?placeid=ChIJCVOWKxTyVDARvQ6j4sfuu3o\" class=\"rpi-name\" target=\"_blank\" rel=\"noopener nofollow\" aria-label=\"Michael Mai - google user profile\">Michael Mai<\/a><div class=\"rpi-time\" data-time=\"1775891360000\">5\u00a0Tagen ago<\/div><\/div><\/div><div class=\"rpi-body rpi-normal-up__body\"><span class=\"rpi-stars\" style=\"--rating:5\"><\/span><div class=\"rpi-text rpi-scroll\" tabindex=\"0\">Es war eine wundersch\u00f6ne Tauchtour mit Selma. Wir hatten viel Spa\u00df und werden diesen Tag am Sail Rock so schnell nicht wieder vergessen.<br \/><br \/>Mit Selma w\u00fcrden wir immer wieder gerne tauchen gehen.<br \/><br \/>Danke Danke Danke<\/div><\/div><\/div><\/div><div class=\"rpi-card\" data-provider=\"google\" data-rat=\"5\"><div class=\"rpi-card-inner\"><div class=\"rpi-flex\"><div class=\"rpi-img-wrap\"><img decoding=\"async\" src=\"https:\/\/lh3.googleusercontent.com\/a\/ACg8ocIVSI0XAKSGqqSyEgSa5t8m2ZE9W2_G1bzhFhShzapgeYQu_g=s56-c-rp-mo-br100\" class=\"rpi-img\" loading=\"lazy\" width=\"56\" height=\"56\" alt=\"\" onerror=\"if(this.src!='https:\/\/member-diving.com\/wp-content\/plugins\/business-reviews-bundle\/assets\/img\/google_avatar.png')this.src='https:\/\/member-diving.com\/wp-content\/plugins\/business-reviews-bundle\/assets\/img\/google_avatar.png';\"><\/div><div class=\"rpi-info\"><a href=\"https:\/\/search.google.com\/local\/reviews?placeid=ChIJCVOWKxTyVDARvQ6j4sfuu3o\" class=\"rpi-name\" target=\"_blank\" rel=\"noopener nofollow\" aria-label=\"Louis - google user profile\">Louis<\/a><div class=\"rpi-time\" data-time=\"1775888974000\">5\u00a0Tagen ago<\/div><\/div><\/div><div class=\"rpi-body rpi-normal-up__body\"><span class=\"rpi-stars\" style=\"--rating:5\"><\/span><div class=\"rpi-text rpi-scroll\" tabindex=\"0\">Wir hatten einen tollen Tag. Haben viel gesehen, obwohl wir absolute Anf\u00e4nger waren. Marcel war der entspannteste Tauchlehrer, hat uns super an die Hand genommen und immer Ruhe ausgestrahlt. Super sympathischer Typ.<br \/><br \/>Selbst wenn ihr euch unsicher seid, ob ihr Tauchen ausprobieren wollt, macht&#039;s einfach. Ihr seid in besten H\u00e4nden \ud83d\ude42<\/div><\/div><\/div><\/div><div class=\"rpi-card\" data-provider=\"google\" data-rat=\"5\"><div class=\"rpi-card-inner\"><div class=\"rpi-flex\"><div class=\"rpi-img-wrap\"><img decoding=\"async\" src=\"https:\/\/lh3.googleusercontent.com\/a-\/ALV-UjUFDkqd_v0_juHyOaTXZD08p-nKypAcJXhGF99KH97nvgtzFKY=s56-c-rp-mo-br100\" class=\"rpi-img\" loading=\"lazy\" width=\"56\" height=\"56\" alt=\"\" onerror=\"if(this.src!='https:\/\/member-diving.com\/wp-content\/plugins\/business-reviews-bundle\/assets\/img\/google_avatar.png')this.src='https:\/\/member-diving.com\/wp-content\/plugins\/business-reviews-bundle\/assets\/img\/google_avatar.png';\"><\/div><div class=\"rpi-info\"><a href=\"https:\/\/search.google.com\/local\/reviews?placeid=ChIJCVOWKxTyVDARvQ6j4sfuu3o\" class=\"rpi-name\" target=\"_blank\" rel=\"noopener nofollow\" aria-label=\"Caro M\u00fcller - google user profile\">Caro M\u00fcller<\/a><div class=\"rpi-time\" data-time=\"1775888359000\">5\u00a0Tagen ago<\/div><\/div><\/div><div class=\"rpi-body rpi-normal-up__body\"><span class=\"rpi-stars\" style=\"--rating:5\"><\/span><div class=\"rpi-text rpi-scroll\" tabindex=\"0\">Wir hatten Steven und Marcel als Tauchlehrer und waren sehr, sehr zufrieden. Es war eine super sch\u00f6ne Erfahrung \ud83d\ude0a<\/div><\/div><\/div><\/div><div class=\"rpi-card\" data-provider=\"google\" data-rat=\"5\"><div class=\"rpi-card-inner\"><div class=\"rpi-flex\"><div class=\"rpi-img-wrap\"><img decoding=\"async\" src=\"https:\/\/lh3.googleusercontent.com\/a\/ACg8ocKyykwVcNXHwzqkU6wny_ihVUKp0gDq9Ay7ji1hz5tZGXBOJg=s56-c-rp-mo-br100\" class=\"rpi-img\" loading=\"lazy\" width=\"56\" height=\"56\" alt=\"\" onerror=\"if(this.src!='https:\/\/member-diving.com\/wp-content\/plugins\/business-reviews-bundle\/assets\/img\/google_avatar.png')this.src='https:\/\/member-diving.com\/wp-content\/plugins\/business-reviews-bundle\/assets\/img\/google_avatar.png';\"><\/div><div class=\"rpi-info\"><a href=\"https:\/\/maps.google.com\/maps\/contrib\/105903590596346956110\" class=\"rpi-name\" target=\"_blank\" rel=\"noopener nofollow\" aria-label=\"T AG - google user profile\">T AG<\/a><div class=\"rpi-time\" data-time=\"1775741426000\">7\u00a0Tagen ago<\/div><\/div><\/div><div class=\"rpi-body rpi-normal-up__body\"><span class=\"rpi-stars\" style=\"--rating:5\"><\/span><div class=\"rpi-text rpi-scroll\" tabindex=\"0\">Had a wonderful experience with Member Diving for the last 2 days! Pick up from the hotel was very smooth and comfortable, and the diving guides and crew were even better once I got to the boat. Initally I had planned to just do a 1 day dive, but had such a fun time with my guide Selma, that I booked in a second dive the following day! On the second day I had guide Marcel, who I equally had a fun time with at the new location, and who pointed out various different types of marine life to me during the dive. I would highly recommend diving with Member Diving! - photo from Sail Rock!<\/div><\/div><\/div><\/div><div class=\"rpi-card\" data-provider=\"google\" data-rat=\"5\"><div class=\"rpi-card-inner\"><div class=\"rpi-flex\"><div class=\"rpi-img-wrap\"><img decoding=\"async\" src=\"https:\/\/lh3.googleusercontent.com\/a-\/ALV-UjWh8rvsQArxGZ4Xz4Ry-XYLaWPSLAOoRvNOWOez4v4Aug4cD2wqXg=s56-c-rp-mo-ba2-br100\" class=\"rpi-img\" loading=\"lazy\" width=\"56\" height=\"56\" alt=\"\" onerror=\"if(this.src!='https:\/\/member-diving.com\/wp-content\/plugins\/business-reviews-bundle\/assets\/img\/google_avatar.png')this.src='https:\/\/member-diving.com\/wp-content\/plugins\/business-reviews-bundle\/assets\/img\/google_avatar.png';\"><\/div><div class=\"rpi-info\"><a href=\"https:\/\/maps.google.com\/maps\/contrib\/111611626617318804731\" class=\"rpi-name\" target=\"_blank\" rel=\"noopener nofollow\" aria-label=\"Anna Rust - google user profile\">Anna Rust<\/a><div class=\"rpi-time\" data-time=\"1775719140000\">1\u00a0Woche ago<\/div><\/div><\/div><div class=\"rpi-body rpi-normal-up__body\"><span class=\"rpi-stars\" style=\"--rating:5\"><\/span><div class=\"rpi-text rpi-scroll\" tabindex=\"0\">Ich hatte eine wirklich unvergessliche Zeit! Vom ersten Moment an habe ich mich total wohlgef\u00fchlt. Der Shuttle hat immer super geklappt, das Boot war top in Schuss und alle an Bord waren unglaublich freundlich und hilfsbereit.<br \/><br \/>Ein ganz besonderes Dankesch\u00f6n geht an Stefan \u2013 ich durfte alle meine Tauchg\u00e4nge mit ihm machen. Gerade am Anfang war ich ziemlich nerv\u00f6s, aber er war immer ruhig, geduldig und hat mir ein sicheres Gef\u00fchl gegeben. Das hat mir unglaublich geholfen, Vertrauen zu gewinnen und mich weiterzuentwickeln.<br \/><br \/>Ich habe in diesen Tagen so viel gelernt und nehme nicht nur tolle Erfahrungen, sondern auch viele sch\u00f6ne Erinnerungen mit. Diese Zeit werde ich definitiv nie vergessen!<br \/><br \/>Ich kann es wirklich jedem von Herzen weiterempfehlen \ud83d\udc99<\/div><\/div><\/div><\/div><\/div><button class=\"rpi-ltgt rpi-gt rpi-slider-next\" aria-label=\"Next reviews\" tabindex=\"0\"><\/button><div class=\"rpi-dots-wrap\"><div class=\"rpi-dots\"><\/div><\/div><\/div><\/div><script>(function(p){if(!p)return;let w=p.offsetWidth,m=function(a,b){return Math.min(a,b)===a};p.querySelector('.rpi-cnt').classList.replace('rpi-col-m','rpi-col-'+(m(w,510)?'xs':m(w,750)?'x':m(w,1050)?'s':m(w,1450)?'m':m(w,1800)?'l':'xl'))})(document.currentScript?.parentElement)<\/script><\/div><\/div><\/div><\/div><\/div><\/div><\/div><\/section>\n","protected":false},"excerpt":{"rendered":"Ready for your diving adventure? Name(Required) First Last Phone(Required)Email(Required) Message(Required)I&#039;m interested in booking with your best-price-guarantee [vc_custom_heading text=\"Reviews from Our Divers\" font_container=\"tag:h2|text_align:center\" use_theme_fonts=\"yes\" css=\"%7B%22default%22%3A%7B%22color%22%3A%22%23ffffff%22%2C%22text-align%22%3A%22center%22%7D%7D\"]Michael Mai5\u00a0Tagen agoEs war eine wundersch\u00f6ne Tauchtour mit Selma. Wir hatten viel Spa\u00df und werden diesen Tag am Sail Rock so schnell nicht wieder vergessen.Mit Selma w\u00fcrden wir immer wieder gerne tauchen...","protected":false},"author":6,"featured_media":0,"parent":0,"menu_order":0,"comment_status":"closed","ping_status":"closed","template":"","meta":{"_acf_changed":false,"footnotes":""},"class_list":["post-178884","page","type-page","status-publish","hentry"],"acf":[],"_links":{"self":[{"href":"https:\/\/member-diving.com\/en\/wp-json\/wp\/v2\/pages\/178884","targetHints":{"allow":["GET"]}}],"collection":[{"href":"https:\/\/member-diving.com\/en\/wp-json\/wp\/v2\/pages"}],"about":[{"href":"https:\/\/member-diving.com\/en\/wp-json\/wp\/v2\/types\/page"}],"author":[{"embeddable":true,"href":"https:\/\/member-diving.com\/en\/wp-json\/wp\/v2\/users\/6"}],"replies":[{"embeddable":true,"href":"https:\/\/member-diving.com\/en\/wp-json\/wp\/v2\/comments?post=178884"}],"version-history":[{"count":4,"href":"https:\/\/member-diving.com\/en\/wp-json\/wp\/v2\/pages\/178884\/revisions"}],"predecessor-version":[{"id":178896,"href":"https:\/\/member-diving.com\/en\/wp-json\/wp\/v2\/pages\/178884\/revisions\/178896"}],"wp:attachment":[{"href":"https:\/\/member-diving.com\/en\/wp-json\/wp\/v2\/media?parent=178884"}],"curies":[{"name":"wp","href":"https:\/\/api.w.org\/{rel}","templated":true}]}}