{"id":16282,"date":"2017-05-17T00:00:00","date_gmt":"2017-05-16T22:00:00","guid":{"rendered":"http:\/\/neu.member-diving.com\/product\/sea-scooter-divescooter\/"},"modified":"2017-05-17T00:00:00","modified_gmt":"2017-05-16T22:00:00","slug":"sea-scooter-divescooter","status":"publish","type":"product","link":"https:\/\/member-diving.com\/en\/sea-scooter-divescooter\/","title":{"rendered":"Sea Scooter &#8211; Divescooter"},"content":{"rendered":"<p>Der Tauchscooter &#8220;S2&#8221; ist eine konsequente Weiterentwicklung des &#8220;S1&#8221; &#8211; f\u00fcr noch mehr Leistung.<\/p>\n<p>Mit seinem 24V 6Ah starken Akku zieht er dich \u00fcber oder unter Wasser, beim Schnorcheln wie beim Tauchen zwischen 45 und 60 Minuten umher. (je nach Gewicht der Person und genutzter Geschwindigkeit)<\/p>\n<p><strong>Auch f\u00fcr Anf\u00e4nger geeignet!<\/strong><\/p>\n<p>Merkmale:<\/p>\n<p>&#8211; Laufzeit bis zu 60 Minuten bei normaler Verwendung<br \/>\n&#8211; Geschwindigkeit bis zu ca. 4 km\/h<br \/>\n&#8211; Ladezeit 6-8 Stunden<br \/>\n&#8211; Blei-Vlies-Akku 24V 6Ah<br \/>\n&#8211; Personenzahl 1<br \/>\n&#8211; 2 Geschwindigkeiten<br \/>\n&#8211; Farbe schwarz\/gelb<br \/>\n-Maximal Tiefe 30 Meter<\/p>\n<p>Preis:<\/p>\n<p>&#8211; Verleih: Eine Akkuladung (ca. eine Stunde) 2&#8217;000 Thai Baht<br \/>\n&#8211; Externer Verleih: 5&#8217;000 Thai Baht pro Tag (24 Stunden)<\/p>\n<p>Angebot und Anforderungen:<\/p>\n<p>&#8211; Stundenweiser Verleih nur im Zusammenhang mit gebuchter Schnorchel- oder Tauchtour bei Member Diving m\u00f6glich.<br \/>\n&#8211; Beim Tauchen nur mit Begleitung eines Tauchguides<br \/>\n&#8211; Tageweiser externer Verleih mit Ladeger\u00e4t zum Schnorcheln und Schwimmen m\u00f6glich (Deposit von 8&#8217;000 Thai Baht, bei eventuellen Sch\u00e4den, im speziellen Wassersch\u00e4den, wird das Debosit zur\u00fcckbehalten)<\/p>\n<p>Kostenfreie Abholung m\u00f6glich. Bei Lieferung und Abholung durch Member Diving wird eine Pauschale von 500 Thai Baht verrechnet.<\/p>\n<p><iframe loading=\"lazy\" title=\"Sea Scooter Demonstration\" width=\"640\" height=\"360\" src=\"https:\/\/www.youtube.com\/embed\/fNZL8wJhf54?feature=oembed\" frameborder=\"0\" allow=\"accelerometer; autoplay; clipboard-write; encrypted-media; gyroscope; picture-in-picture\" allowfullscreen><\/iframe><\/p>\n","protected":false},"excerpt":{"rendered":"<p>Der Tauchscooter &#8220;S2&#8221; ist eine konsequente Weiterentwicklung des &#8220;S1&#8221; &#8211; f\u00fcr noch mehr Leistung. Mit seinem 24V 6Ah starken Akku zieht er dich \u00fcber oder unter Wasser, beim Schnorcheln wie beim Tauchen zwischen 45 und 60 Minuten umher. (je nach Gewicht der Person und genutzter Geschwindigkeit) Auch f\u00fcr Anf\u00e4nger geeignet! Merkmale: &#8211; Laufzeit bis zu&#8230;<\/p>\n","protected":false},"featured_media":15980,"template":"","meta":{"_acf_changed":false},"product_brand":[],"product_cat":[90],"product_tag":[88,54,89],"class_list":{"0":"post-16282","1":"product","2":"type-product","3":"status-publish","4":"has-post-thumbnail","6":"product_cat-rent-shop","7":"product_tag-diving-scooter","8":"product_tag-diving-trip","9":"product_tag-sea-scooter","11":"first","12":"instock","13":"virtual","14":"product-type-simple"},"acf":{"":"","short_description":"","group_size":"","duration":""},"_links":{"self":[{"href":"https:\/\/member-diving.com\/en\/wp-json\/wp\/v2\/product\/16282","targetHints":{"allow":["GET"]}}],"collection":[{"href":"https:\/\/member-diving.com\/en\/wp-json\/wp\/v2\/product"}],"about":[{"href":"https:\/\/member-diving.com\/en\/wp-json\/wp\/v2\/types\/product"}],"wp:featuredmedia":[{"embeddable":true,"href":"https:\/\/member-diving.com\/en\/wp-json\/wp\/v2\/media\/15980"}],"wp:attachment":[{"href":"https:\/\/member-diving.com\/en\/wp-json\/wp\/v2\/media?parent=16282"}],"wp:term":[{"taxonomy":"product_brand","embeddable":true,"href":"https:\/\/member-diving.com\/en\/wp-json\/wp\/v2\/product_brand?post=16282"},{"taxonomy":"product_cat","embeddable":true,"href":"https:\/\/member-diving.com\/en\/wp-json\/wp\/v2\/product_cat?post=16282"},{"taxonomy":"product_tag","embeddable":true,"href":"https:\/\/member-diving.com\/en\/wp-json\/wp\/v2\/product_tag?post=16282"}],"curies":[{"name":"wp","href":"https:\/\/api.w.org\/{rel}","templated":true}]}}